{"id":112,"date":"2016-09-15T10:27:59","date_gmt":"2016-09-15T10:27:59","guid":{"rendered":"http:\/\/vicentetrigo.com\/?page_id=112"},"modified":"2022-07-30T14:13:19","modified_gmt":"2022-07-30T14:13:19","slug":"articulos","status":"publish","type":"page","link":"http:\/\/vicentetrigo.com\/?page_id=112","title":{"rendered":"Art\u00edculos"},"content":{"rendered":"<p><strong>A lo largo de los a\u00f1os, he escrito centenares de art\u00edculos en peri\u00f3dicos (Heraldo de Arag\u00f3n, Peri\u00f3dico de Arag\u00f3n) y revistas especializadas (Suma, N\u00fameros, Zeus, etc.). Sin embargo, los art\u00edculos de los que me siento m\u00e1s satisfecho son los que he escrito para los Manuales Formativos de ACTA (Autores Cient\u00edfico-T\u00e9cnicos y Acad\u00e9micos).<\/strong><\/p>\n<p><strong><a href=\"http:\/\/www.acta.es\/\" target=\"_blank\" rel=\"noopener\">En la Web de ACTA<\/a> encontrar\u00e1s dichos art\u00edculos en pdf&#8230; y otros escritos por diversos autores, que saben mucho m\u00e1s que yo y escriben mejor.\u00a0Mientras te das una vuelta por all\u00ed, te ofrezco unos cuantos art\u00edculos para abrir boca.<\/strong><\/p>\n<p><strong><a href=\"http:\/\/vicentetrigo.com\/wp-content\/uploads\/2016\/09\/La-historia-de-la-Tierra-en-un-a\u00f1o.pdf\" target=\"_blank\" rel=\"noopener\">La historia de la Tierra en un a\u00f1o<\/a><\/strong><\/p>\n<p><strong><a href=\"http:\/\/vicentetrigo.com\/wp-content\/uploads\/2016\/09\/Audiolibros.pdf\" target=\"_blank\" rel=\"noopener\">Audiolibros<\/a><\/strong><\/p>\n<p><strong><a href=\"http:\/\/vicentetrigo.com\/wp-content\/uploads\/2016\/09\/El-traductor-de-Microsoft.pdf\" target=\"_blank\" rel=\"noopener\">El traductor de Microsoft<\/a><\/strong><\/p>\n<p><strong><a href=\"http:\/\/vicentetrigo.com\/wp-content\/uploads\/2016\/09\/La-gen\u00e9tica-y-la-Edad-de-Bronce-en-la-Pen\u00ednsula-Ib\u00e9rica.pdf\" target=\"_blank\" rel=\"noopener\">La gen\u00e9tica y la Edad de Bronce en la Pen\u00ednsula Ib\u00e9rica<\/a><\/strong><\/p>\n<p><strong><a href=\"http:\/\/vicentetrigo.com\/wp-content\/uploads\/2016\/09\/asimov.pdf\" target=\"_blank\" rel=\"noopener\">Bibliograf\u00eda de Isaac Asimov<\/a><\/strong><\/p>\n<p><strong><a href=\"http:\/\/vicentetrigo.com\/wp-content\/uploads\/2016\/09\/martin.pdf\" target=\"_blank\" rel=\"noopener\">Bibliograf\u00eda de Martin Gardner<\/a><\/strong><\/p>\n<p><strong><a href=\"http:\/\/vicentetrigo.com\/wp-content\/uploads\/2016\/09\/einstein.pdf\" target=\"_blank\" rel=\"noopener\">Biograf\u00eda de Albert Einstein<\/a><\/strong><\/p>\n<p><strong><a href=\"http:\/\/vicentetrigo.com\/wp-content\/uploads\/2022\/07\/Que-poco-intuitivo-nos-resulta-el-azar.pdf\" target=\"_blank\" rel=\"noopener\">\u00a1Qu\u00e9 poco intuitivo nos resulta el azar!<\/a><\/strong><\/p>\n<p><strong><a href=\"http:\/\/vicentetrigo.com\/wp-content\/uploads\/2016\/09\/hont.pdf\" target=\"_blank\" rel=\"noopener\">La regla D&#8217;Hont<\/a><\/strong><\/p>\n<p><strong><a href=\"http:\/\/vicentetrigo.com\/wp-content\/uploads\/2016\/09\/dados.pdf\" target=\"_blank\" rel=\"noopener\">\u00bfC\u00f3mo juega a los dados el ordenador?<\/a><\/strong><\/p>\n<p><strong><a href=\"http:\/\/vicentetrigo.com\/wp-content\/uploads\/2016\/09\/logarit.pdf\" target=\"_blank\" rel=\"noopener\">Logaritmos, ordenadores y carreras de caballos<\/a><\/strong><\/p>\n<p><strong><a href=\"http:\/\/vicentetrigo.com\/wp-content\/uploads\/2016\/09\/algoritmos.pdf\" target=\"_blank\" rel=\"noopener\">Algoritmos<\/a><\/strong><\/p>\n<p><strong><a href=\"http:\/\/vicentetrigo.com\/wp-content\/uploads\/2016\/09\/cuadrados.pdf\" target=\"_blank\" rel=\"noopener\">Cuadrados m\u00e1gicos<\/a><\/strong><\/p>\n","protected":false},"excerpt":{"rendered":"<p>A lo largo de los a\u00f1os, he escrito centenares de art\u00edculos en peri\u00f3dicos (Heraldo de Arag\u00f3n, Peri\u00f3dico de Arag\u00f3n) y revistas especializadas (Suma, N\u00fameros, Zeus, etc.). Sin embargo, los art\u00edculos de los que me siento m\u00e1s satisfecho son los que he escrito para los Manuales Formativos de ACTA (Autores Cient\u00edfico-T\u00e9cnicos y Acad\u00e9micos). En la Web<a href=\"http:\/\/vicentetrigo.com\/?page_id=112\">[&#8230;]<\/a><\/p>\n","protected":false},"author":1,"featured_media":0,"parent":0,"menu_order":0,"comment_status":"closed","ping_status":"closed","template":"template-fullwidth.php","meta":[],"_links":{"self":[{"href":"http:\/\/vicentetrigo.com\/index.php?rest_route=\/wp\/v2\/pages\/112"}],"collection":[{"href":"http:\/\/vicentetrigo.com\/index.php?rest_route=\/wp\/v2\/pages"}],"about":[{"href":"http:\/\/vicentetrigo.com\/index.php?rest_route=\/wp\/v2\/types\/page"}],"author":[{"embeddable":true,"href":"http:\/\/vicentetrigo.com\/index.php?rest_route=\/wp\/v2\/users\/1"}],"replies":[{"embeddable":true,"href":"http:\/\/vicentetrigo.com\/index.php?rest_route=%2Fwp%2Fv2%2Fcomments&post=112"}],"version-history":[{"count":16,"href":"http:\/\/vicentetrigo.com\/index.php?rest_route=\/wp\/v2\/pages\/112\/revisions"}],"predecessor-version":[{"id":330,"href":"http:\/\/vicentetrigo.com\/index.php?rest_route=\/wp\/v2\/pages\/112\/revisions\/330"}],"wp:attachment":[{"href":"http:\/\/vicentetrigo.com\/index.php?rest_route=%2Fwp%2Fv2%2Fmedia&parent=112"}],"curies":[{"name":"wp","href":"https:\/\/api.w.org\/{rel}","templated":true}]}}