{"id":27,"date":"2016-09-15T09:34:07","date_gmt":"2016-09-15T09:34:07","guid":{"rendered":"http:\/\/vicentetrigo.com\/?page_id=27"},"modified":"2025-07-31T15:34:04","modified_gmt":"2025-07-31T15:34:04","slug":"ebooks","status":"publish","type":"page","link":"http:\/\/vicentetrigo.com\/?page_id=27","title":{"rendered":"Ebooks"},"content":{"rendered":"<p style=\"text-align: left;\"><strong>Si te interesa alguno de estos ebooks, haz clic en su\u00a0portada e ir\u00e1s a Amazon, donde encontrar\u00e1s informaci\u00f3n sobre \u00e9l (y podr\u00e1s comprarlo&#8230; o leerlo gratuitamente con Kindle Unlimited).<\/strong><\/p>\n<p><a href=\"https:\/\/www.amazon.es\/dp\/B0D8ZWLV9D\/\" target=\"_blank\" rel=\"noopener\"><img decoding=\"async\" loading=\"lazy\" class=\"alignnone wp-image-422 size-full\" src=\"http:\/\/vicentetrigo.com\/wp-content\/uploads\/2024\/07\/Tras-dejar-las-montanas-atras-portada-250-xx-399.jpg\" alt=\"\" width=\"250\" height=\"399\" srcset=\"http:\/\/vicentetrigo.com\/wp-content\/uploads\/2024\/07\/Tras-dejar-las-montanas-atras-portada-250-xx-399.jpg 250w, http:\/\/vicentetrigo.com\/wp-content\/uploads\/2024\/07\/Tras-dejar-las-montanas-atras-portada-250-xx-399-188x300.jpg 188w\" sizes=\"(max-width: 250px) 100vw, 250px\" \/><\/a> <a href=\"https:\/\/www.amazon.es\/dp\/B0D4VYVGFL\/\" target=\"_blank\" rel=\"noopener\"><img decoding=\"async\" loading=\"lazy\" class=\"alignnone wp-image-453 size-full\" src=\"http:\/\/vicentetrigo.com\/wp-content\/uploads\/2025\/01\/seis-puertas-nueva-portada-ebook.jpg\" alt=\"\" width=\"250\" height=\"399\" srcset=\"http:\/\/vicentetrigo.com\/wp-content\/uploads\/2025\/01\/seis-puertas-nueva-portada-ebook.jpg 250w, http:\/\/vicentetrigo.com\/wp-content\/uploads\/2025\/01\/seis-puertas-nueva-portada-ebook-188x300.jpg 188w\" sizes=\"(max-width: 250px) 100vw, 250px\" \/><\/a> <a href=\"https:\/\/www.amazon.es\/Habitaci%C3%B3n-despu%C3%A9s-Vicente-Trigo-Aranda-ebook\/dp\/B0CB4T67PP\/\" target=\"_blank\" rel=\"noopener\"><img decoding=\"async\" loading=\"lazy\" class=\"alignnone wp-image-436 size-full\" src=\"http:\/\/vicentetrigo.com\/wp-content\/uploads\/2025\/01\/Habitacion-512-un-ano-despues-nueva-portada-ebook.jpg\" alt=\"\" width=\"250\" height=\"399\" srcset=\"http:\/\/vicentetrigo.com\/wp-content\/uploads\/2025\/01\/Habitacion-512-un-ano-despues-nueva-portada-ebook.jpg 250w, http:\/\/vicentetrigo.com\/wp-content\/uploads\/2025\/01\/Habitacion-512-un-ano-despues-nueva-portada-ebook-188x300.jpg 188w\" sizes=\"(max-width: 250px) 100vw, 250px\" \/><\/a> <a href=\"https:\/\/www.amazon.es\/dp\/B0BHF61LXJ\/\" target=\"_blank\" rel=\"noopener\"><img decoding=\"async\" loading=\"lazy\" class=\"alignnone wp-image-355 size-full\" src=\"http:\/\/vicentetrigo.com\/wp-content\/uploads\/2022\/10\/portada-ebook.jpg\" alt=\"\" width=\"250\" height=\"399\" srcset=\"http:\/\/vicentetrigo.com\/wp-content\/uploads\/2022\/10\/portada-ebook.jpg 250w, http:\/\/vicentetrigo.com\/wp-content\/uploads\/2022\/10\/portada-ebook-188x300.jpg 188w\" sizes=\"(max-width: 250px) 100vw, 250px\" \/><\/a><a href=\"https:\/\/www.amazon.es\/dp\/B0B833NKXC\/\" target=\"_blank\" rel=\"noopener\">\u00a0<\/a><a href=\"https:\/\/www.amazon.es\/dp\/B0B833NKXC\/\" target=\"_blank\" rel=\"noopener\"><img decoding=\"async\" loading=\"lazy\" class=\"alignnone wp-image-455 size-full\" src=\"http:\/\/vicentetrigo.com\/wp-content\/uploads\/2025\/01\/siete-puertas-nueva-portada-ebook.jpg\" alt=\"\" width=\"250\" height=\"399\" srcset=\"http:\/\/vicentetrigo.com\/wp-content\/uploads\/2025\/01\/siete-puertas-nueva-portada-ebook.jpg 250w, http:\/\/vicentetrigo.com\/wp-content\/uploads\/2025\/01\/siete-puertas-nueva-portada-ebook-188x300.jpg 188w\" sizes=\"(max-width: 250px) 100vw, 250px\" \/><\/a><a href=\"https:\/\/www.amazon.es\/diez-cinco-Vicente-Trigo-Aranda-ebook\/dp\/B0B75LFMQM\/\" target=\"_blank\" rel=\"noopener\"> <img decoding=\"async\" loading=\"lazy\" class=\"alignnone wp-image-340 size-full\" src=\"http:\/\/vicentetrigo.com\/wp-content\/uploads\/2022\/07\/las-diez-y-cinco-250.jpg\" alt=\"\" width=\"250\" height=\"399\" srcset=\"http:\/\/vicentetrigo.com\/wp-content\/uploads\/2022\/07\/las-diez-y-cinco-250.jpg 250w, http:\/\/vicentetrigo.com\/wp-content\/uploads\/2022\/07\/las-diez-y-cinco-250-188x300.jpg 188w\" sizes=\"(max-width: 250px) 100vw, 250px\" \/> <\/a> <a href=\"https:\/\/www.amazon.es\/Puzles-er%C3%B3ticos-Vicente-Trigo-Aranda-ebook\/dp\/B09R4WL3RL\/\" target=\"_blank\" rel=\"noopener\"><img decoding=\"async\" loading=\"lazy\" class=\"alignnone wp-image-450 size-full\" src=\"http:\/\/vicentetrigo.com\/wp-content\/uploads\/2025\/01\/puzles-3-nueva-portada-ebook.jpg\" alt=\"\" width=\"250\" height=\"399\" srcset=\"http:\/\/vicentetrigo.com\/wp-content\/uploads\/2025\/01\/puzles-3-nueva-portada-ebook.jpg 250w, http:\/\/vicentetrigo.com\/wp-content\/uploads\/2025\/01\/puzles-3-nueva-portada-ebook-188x300.jpg 188w\" sizes=\"(max-width: 250px) 100vw, 250px\" \/> <\/a><a href=\"https:\/\/www.amazon.es\/Puzles-er%C3%B3ticos-Vicente-Trigo-Aranda-ebook\/dp\/B09R4NSPY7\/\" target=\"_blank\" rel=\"noopener\"><img decoding=\"async\" loading=\"lazy\" class=\"alignnone wp-image-449 size-full\" src=\"http:\/\/vicentetrigo.com\/wp-content\/uploads\/2025\/01\/puzles-2-nueva-portada-ebook.jpg\" alt=\"\" width=\"250\" height=\"399\" srcset=\"http:\/\/vicentetrigo.com\/wp-content\/uploads\/2025\/01\/puzles-2-nueva-portada-ebook.jpg 250w, http:\/\/vicentetrigo.com\/wp-content\/uploads\/2025\/01\/puzles-2-nueva-portada-ebook-188x300.jpg 188w\" sizes=\"(max-width: 250px) 100vw, 250px\" \/><\/a> <a href=\"https:\/\/www.amazon.es\/dp\/B09B79G4XX\" target=\"_blank\" rel=\"noopener\"><img decoding=\"async\" loading=\"lazy\" class=\"alignnone wp-image-348 size-full\" src=\"http:\/\/vicentetrigo.com\/wp-content\/uploads\/2022\/07\/portada-ebook-250.jpg\" alt=\"\" width=\"250\" height=\"399\" srcset=\"http:\/\/vicentetrigo.com\/wp-content\/uploads\/2022\/07\/portada-ebook-250.jpg 250w, http:\/\/vicentetrigo.com\/wp-content\/uploads\/2022\/07\/portada-ebook-250-188x300.jpg 188w\" sizes=\"(max-width: 250px) 100vw, 250px\" \/><\/a><a href=\"https:\/\/www.amazon.es\/%C2%A1Apl%C3%ADcate-cuento-Vicente-Trigo-Aranda-ebook\/dp\/B097K665ZV\/\" target=\"_blank\" rel=\"noopener\">\u00a0<img decoding=\"async\" loading=\"lazy\" class=\"wp-image-267 size-full alignnone\" src=\"http:\/\/vicentetrigo.com\/wp-content\/uploads\/2016\/09\/portada-ebook-aplicate-el-cuento-e1627308535197.png\" alt=\"\" width=\"250\" height=\"399\" \/>\u00a0<\/a><a href=\"https:\/\/www.amazon.es\/Luk-Vicente-Trigo-Aranda-ebook\/dp\/B08FF4T1R4\/\" target=\"_blank\" rel=\"noopener\"><img decoding=\"async\" loading=\"lazy\" class=\"wp-image-260 size-full alignnone\" src=\"http:\/\/vicentetrigo.com\/wp-content\/uploads\/2016\/09\/portada-ebook-7.jpg\" alt=\"\" width=\"250\" height=\"399\" srcset=\"http:\/\/vicentetrigo.com\/wp-content\/uploads\/2016\/09\/portada-ebook-7.jpg 250w, http:\/\/vicentetrigo.com\/wp-content\/uploads\/2016\/09\/portada-ebook-7-188x300.jpg 188w\" sizes=\"(max-width: 250px) 100vw, 250px\" \/>\u00a0<\/a><a href=\"https:\/\/www.amazon.es\/Si-las-papas-est%C3%A1n-calientes-ebook\/dp\/B08D7R6M7T\/\" target=\"_blank\" rel=\"noopener\"><img decoding=\"async\" loading=\"lazy\" class=\"alignnone wp-image-454 size-full\" src=\"http:\/\/vicentetrigo.com\/wp-content\/uploads\/2025\/01\/Si-las-papas-nueva-portada-ebook.jpg\" alt=\"\" width=\"250\" height=\"399\" srcset=\"http:\/\/vicentetrigo.com\/wp-content\/uploads\/2025\/01\/Si-las-papas-nueva-portada-ebook.jpg 250w, http:\/\/vicentetrigo.com\/wp-content\/uploads\/2025\/01\/Si-las-papas-nueva-portada-ebook-188x300.jpg 188w\" sizes=\"(max-width: 250px) 100vw, 250px\" \/><\/a><a href=\"https:\/\/www.amazon.es\/dp\/B0951XRRT3\" target=\"_blank\" rel=\"noopener\">\u00a0<\/a><a href=\"https:\/\/www.amazon.es\/dp\/B0951XRRT3\" target=\"_blank\" rel=\"noopener\"><img decoding=\"async\" loading=\"lazy\" class=\"alignnone wp-image-447 size-full\" src=\"http:\/\/vicentetrigo.com\/wp-content\/uploads\/2025\/01\/Proyecto-Reciclaje-4-nueva-portada-ebook.jpg\" alt=\"\" width=\"250\" height=\"399\" srcset=\"http:\/\/vicentetrigo.com\/wp-content\/uploads\/2025\/01\/Proyecto-Reciclaje-4-nueva-portada-ebook.jpg 250w, http:\/\/vicentetrigo.com\/wp-content\/uploads\/2025\/01\/Proyecto-Reciclaje-4-nueva-portada-ebook-188x300.jpg 188w\" sizes=\"(max-width: 250px) 100vw, 250px\" \/> <\/a><a href=\"https:\/\/www.amazon.es\/Proyecto-Alejandr%C3%ADa-Vicente-Trigo-Aranda-ebook\/dp\/B0892QJ7NK\/\" target=\"_blank\" rel=\"noopener\"><img decoding=\"async\" loading=\"lazy\" class=\"alignnone wp-image-446 size-full\" src=\"http:\/\/vicentetrigo.com\/wp-content\/uploads\/2025\/01\/Proyecto-Reciclaje-3-nueva-portada-ebook.jpg\" alt=\"\" width=\"250\" height=\"399\" srcset=\"http:\/\/vicentetrigo.com\/wp-content\/uploads\/2025\/01\/Proyecto-Reciclaje-3-nueva-portada-ebook.jpg 250w, http:\/\/vicentetrigo.com\/wp-content\/uploads\/2025\/01\/Proyecto-Reciclaje-3-nueva-portada-ebook-188x300.jpg 188w\" sizes=\"(max-width: 250px) 100vw, 250px\" \/> <\/a><a href=\"https:\/\/www.amazon.es\/hijo-general-Vicente-Trigo-Aranda-ebook\/dp\/B0826T3CWN\/\" target=\"_blank\" rel=\"noopener\"><img decoding=\"async\" loading=\"lazy\" class=\"alignnone wp-image-445 size-full\" style=\"font-weight: bold; text-align: center;\" src=\"http:\/\/vicentetrigo.com\/wp-content\/uploads\/2025\/01\/Proyecto-Reciclaje-2-nueva-portada-ebook.jpg\" alt=\"\" width=\"250\" height=\"399\" srcset=\"http:\/\/vicentetrigo.com\/wp-content\/uploads\/2025\/01\/Proyecto-Reciclaje-2-nueva-portada-ebook.jpg 250w, http:\/\/vicentetrigo.com\/wp-content\/uploads\/2025\/01\/Proyecto-Reciclaje-2-nueva-portada-ebook-188x300.jpg 188w\" sizes=\"(max-width: 250px) 100vw, 250px\" \/><\/a>\u00a0<a href=\"https:\/\/www.amazon.es\/dp\/B07V5QDHQS\/\" target=\"_blank\" rel=\"noopener\"><img decoding=\"async\" loading=\"lazy\" class=\"alignnone wp-image-444 size-full\" src=\"http:\/\/vicentetrigo.com\/wp-content\/uploads\/2025\/01\/Proyecto-Reciclaje-1-nueva-portada-ebook.jpg\" alt=\"\" width=\"250\" height=\"399\" srcset=\"http:\/\/vicentetrigo.com\/wp-content\/uploads\/2025\/01\/Proyecto-Reciclaje-1-nueva-portada-ebook.jpg 250w, http:\/\/vicentetrigo.com\/wp-content\/uploads\/2025\/01\/Proyecto-Reciclaje-1-nueva-portada-ebook-188x300.jpg 188w\" sizes=\"(max-width: 250px) 100vw, 250px\" \/><\/a> <a href=\"https:\/\/www.amazon.es\/%C2%A1Secuestrada-Vicente-Trigo-Aranda-ebook\/dp\/B07FJPBMVJ\/\" target=\"_blank\" rel=\"noopener\"><img decoding=\"async\" loading=\"lazy\" class=\"alignnone wp-image-483 size-full\" style=\"color: #333333;\" src=\"http:\/\/vicentetrigo.com\/wp-content\/uploads\/2025\/07\/Miniatura-para-mi-web-Secuestrada.jpg\" alt=\"\" width=\"250\" height=\"399\" srcset=\"http:\/\/vicentetrigo.com\/wp-content\/uploads\/2025\/07\/Miniatura-para-mi-web-Secuestrada.jpg 250w, http:\/\/vicentetrigo.com\/wp-content\/uploads\/2025\/07\/Miniatura-para-mi-web-Secuestrada-188x300.jpg 188w\" sizes=\"(max-width: 250px) 100vw, 250px\" \/><\/a> <a href=\"https:\/\/www.amazon.es\/Puzles-er%C3%B3ticos-Vicente-Trigo-Aranda-ebook\/dp\/B07F8YF2NQ\/\" target=\"_blank\" rel=\"noopener\"><img decoding=\"async\" loading=\"lazy\" class=\"alignnone wp-image-448 size-full\" src=\"http:\/\/vicentetrigo.com\/wp-content\/uploads\/2025\/01\/puzles-nueva-portada-ebook.jpg\" alt=\"\" width=\"250\" height=\"399\" srcset=\"http:\/\/vicentetrigo.com\/wp-content\/uploads\/2025\/01\/puzles-nueva-portada-ebook.jpg 250w, http:\/\/vicentetrigo.com\/wp-content\/uploads\/2025\/01\/puzles-nueva-portada-ebook-188x300.jpg 188w\" sizes=\"(max-width: 250px) 100vw, 250px\" \/> <\/a><a href=\"https:\/\/www.amazon.es\/dp\/B07DNZCBDK\" target=\"_blank\" rel=\"noopener\"><img decoding=\"async\" loading=\"lazy\" class=\"wp-image-209 alignnone\" src=\"http:\/\/vicentetrigo.com\/wp-content\/uploads\/2016\/09\/portada-ebook-1.jpg\" alt=\"\" width=\"250\" height=\"399\" srcset=\"http:\/\/vicentetrigo.com\/wp-content\/uploads\/2016\/09\/portada-ebook-1.jpg 1410w, http:\/\/vicentetrigo.com\/wp-content\/uploads\/2016\/09\/portada-ebook-1-188x300.jpg 188w, http:\/\/vicentetrigo.com\/wp-content\/uploads\/2016\/09\/portada-ebook-1-768x1226.jpg 768w, http:\/\/vicentetrigo.com\/wp-content\/uploads\/2016\/09\/portada-ebook-1-642x1024.jpg 642w\" sizes=\"(max-width: 250px) 100vw, 250px\" \/> <\/a><a href=\"https:\/\/www.amazon.es\/dp\/B09S192TMS\/\" target=\"_blank\" rel=\"noopener\"><img decoding=\"async\" loading=\"lazy\" class=\"alignnone wp-image-440 size-full\" src=\"http:\/\/vicentetrigo.com\/wp-content\/uploads\/2025\/01\/no-creo-en-extraterrestres-nueva-portada-ebook.jpg\" alt=\"\" width=\"250\" height=\"399\" srcset=\"http:\/\/vicentetrigo.com\/wp-content\/uploads\/2025\/01\/no-creo-en-extraterrestres-nueva-portada-ebook.jpg 250w, http:\/\/vicentetrigo.com\/wp-content\/uploads\/2025\/01\/no-creo-en-extraterrestres-nueva-portada-ebook-188x300.jpg 188w\" sizes=\"(max-width: 250px) 100vw, 250px\" \/><\/a><a href=\"https:\/\/www.amazon.es\/creo-coincidencias-Vicente-Trigo-Aranda-ebook\/dp\/B09RXXPXL6\/\" target=\"_blank\" rel=\"noopener\">\u00a0<\/a><a href=\"https:\/\/www.amazon.es\/creo-coincidencias-Vicente-Trigo-Aranda-ebook\/dp\/B09RXXPXL6\/\" target=\"_blank\" rel=\"noopener\"><img decoding=\"async\" loading=\"lazy\" class=\"alignnone wp-image-439 size-full\" src=\"http:\/\/vicentetrigo.com\/wp-content\/uploads\/2025\/01\/no-creo-en-coincidencias-nueva-portada-ebook.jpg\" alt=\"\" width=\"250\" height=\"399\" srcset=\"http:\/\/vicentetrigo.com\/wp-content\/uploads\/2025\/01\/no-creo-en-coincidencias-nueva-portada-ebook.jpg 250w, http:\/\/vicentetrigo.com\/wp-content\/uploads\/2025\/01\/no-creo-en-coincidencias-nueva-portada-ebook-188x300.jpg 188w\" sizes=\"(max-width: 250px) 100vw, 250px\" \/><\/a> <a href=\"https:\/\/www.amazon.es\/dp\/B01MTADUXJ\/\" target=\"_blank\" rel=\"noopener\"><img decoding=\"async\" loading=\"lazy\" class=\"alignnone wp-image-435 size-full\" src=\"http:\/\/vicentetrigo.com\/wp-content\/uploads\/2025\/01\/Habitacion-512-nueva-portada-ebook.jpg\" alt=\"\" width=\"250\" height=\"399\" srcset=\"http:\/\/vicentetrigo.com\/wp-content\/uploads\/2025\/01\/Habitacion-512-nueva-portada-ebook.jpg 250w, http:\/\/vicentetrigo.com\/wp-content\/uploads\/2025\/01\/Habitacion-512-nueva-portada-ebook-188x300.jpg 188w\" sizes=\"(max-width: 250px) 100vw, 250px\" \/><\/a><a href=\"https:\/\/www.amazon.es\/Hasta-hacerme-enloquecer-Vicente-Aranda-ebook\/dp\/B01N9EOJWB\/\" target=\"_blank\" rel=\"noopener\">\u00a0<\/a><a href=\"https:\/\/www.amazon.es\/Hasta-hacerme-enloquecer-Vicente-Aranda-ebook\/dp\/B01N9EOJWB\/\" target=\"_blank\" rel=\"noopener\"><img decoding=\"async\" loading=\"lazy\" class=\"alignnone wp-image-437 size-full\" src=\"http:\/\/vicentetrigo.com\/wp-content\/uploads\/2025\/01\/Hasta-hacerme-enloquecer-nueva-portada-ebook.jpg\" alt=\"\" width=\"250\" height=\"399\" srcset=\"http:\/\/vicentetrigo.com\/wp-content\/uploads\/2025\/01\/Hasta-hacerme-enloquecer-nueva-portada-ebook.jpg 250w, http:\/\/vicentetrigo.com\/wp-content\/uploads\/2025\/01\/Hasta-hacerme-enloquecer-nueva-portada-ebook-188x300.jpg 188w\" sizes=\"(max-width: 250px) 100vw, 250px\" \/><\/a><a href=\"https:\/\/www.amazon.es\/%C2%BFPor-qu%C3%A9-los-%C3%A1rboles-altos-ebook\/dp\/B01M4F85BF\" target=\"_blank\" rel=\"noopener\">\u00a0<\/a><a href=\"https:\/\/www.amazon.es\/%C2%BFPor-qu%C3%A9-los-%C3%A1rboles-altos-ebook\/dp\/B01M4F85BF\" target=\"_blank\" rel=\"noopener\"><img decoding=\"async\" loading=\"lazy\" class=\"alignnone wp-image-443 size-full\" src=\"http:\/\/vicentetrigo.com\/wp-content\/uploads\/2025\/01\/Por-que-los-arboles-nueva-portada-ebook.jpg\" alt=\"\" width=\"250\" height=\"399\" srcset=\"http:\/\/vicentetrigo.com\/wp-content\/uploads\/2025\/01\/Por-que-los-arboles-nueva-portada-ebook.jpg 250w, http:\/\/vicentetrigo.com\/wp-content\/uploads\/2025\/01\/Por-que-los-arboles-nueva-portada-ebook-188x300.jpg 188w\" sizes=\"(max-width: 250px) 100vw, 250px\" \/><\/a> <a href=\"https:\/\/www.amazon.es\/Roses-guns-relatos-novela-corta-ebook\/dp\/B00584MWUO\/\" target=\"_blank\" rel=\"noopener\"><img decoding=\"async\" loading=\"lazy\" class=\"alignnone wp-image-451 size-full\" src=\"http:\/\/vicentetrigo.com\/wp-content\/uploads\/2025\/01\/Roses-and-guns-nueva-portada-ebook.jpg\" alt=\"\" width=\"250\" height=\"399\" srcset=\"http:\/\/vicentetrigo.com\/wp-content\/uploads\/2025\/01\/Roses-and-guns-nueva-portada-ebook.jpg 250w, http:\/\/vicentetrigo.com\/wp-content\/uploads\/2025\/01\/Roses-and-guns-nueva-portada-ebook-188x300.jpg 188w\" sizes=\"(max-width: 250px) 100vw, 250px\" \/> <\/a><a href=\"https:\/\/www.amazon.es\/Mujeres-L-Vicente-Trigo-Aranda-ebook\/dp\/B01LZ2FMP3\/\" target=\"_blank\" rel=\"noopener\"><img decoding=\"async\" loading=\"lazy\" class=\"alignnone wp-image-438 size-full\" src=\"http:\/\/vicentetrigo.com\/wp-content\/uploads\/2025\/01\/Mujeres-con-L-nueva-portada-ebook.jpg\" alt=\"\" width=\"250\" height=\"399\" srcset=\"http:\/\/vicentetrigo.com\/wp-content\/uploads\/2025\/01\/Mujeres-con-L-nueva-portada-ebook.jpg 250w, http:\/\/vicentetrigo.com\/wp-content\/uploads\/2025\/01\/Mujeres-con-L-nueva-portada-ebook-188x300.jpg 188w\" sizes=\"(max-width: 250px) 100vw, 250px\" \/> <\/a><a href=\"https:\/\/www.amazon.es\/%C2%A1No-olvides-encender-el-televisor-ebook\/dp\/B01M07XQ94\/\" target=\"_blank\" rel=\"noopener\"><img decoding=\"async\" loading=\"lazy\" class=\"alignnone wp-image-441 size-full\" src=\"http:\/\/vicentetrigo.com\/wp-content\/uploads\/2025\/01\/No-olvides-nueva-portada-ebook.jpg\" alt=\"\" width=\"250\" height=\"399\" srcset=\"http:\/\/vicentetrigo.com\/wp-content\/uploads\/2025\/01\/No-olvides-nueva-portada-ebook.jpg 250w, http:\/\/vicentetrigo.com\/wp-content\/uploads\/2025\/01\/No-olvides-nueva-portada-ebook-188x300.jpg 188w\" sizes=\"(max-width: 250px) 100vw, 250px\" \/> <\/a> <a href=\"https:\/\/www.amazon.es\/dp\/B01N90PCN0\/\" target=\"_blank\" rel=\"noopener\"><img decoding=\"async\" loading=\"lazy\" class=\"alignnone wp-image-479 size-full\" src=\"http:\/\/vicentetrigo.com\/wp-content\/uploads\/2025\/01\/adaymartin-250x399-3.jpg\" alt=\"\" width=\"250\" height=\"399\" srcset=\"http:\/\/vicentetrigo.com\/wp-content\/uploads\/2025\/01\/adaymartin-250x399-3.jpg 250w, http:\/\/vicentetrigo.com\/wp-content\/uploads\/2025\/01\/adaymartin-250x399-3-188x300.jpg 188w\" sizes=\"(max-width: 250px) 100vw, 250px\" \/><\/a><a href=\"https:\/\/www.amazon.es\/mi-manera-Vicente-Trigo-Aranda-ebook\/dp\/B004HZXUU6\/\" target=\"_blank\" rel=\"noopener\"><img decoding=\"async\" loading=\"lazy\" class=\"wp-image-287 size-full alignnone\" src=\"http:\/\/vicentetrigo.com\/wp-content\/uploads\/2022\/03\/portada.jpg\" alt=\"\" width=\"250\" height=\"399\" srcset=\"http:\/\/vicentetrigo.com\/wp-content\/uploads\/2022\/03\/portada.jpg 250w, http:\/\/vicentetrigo.com\/wp-content\/uploads\/2022\/03\/portada-188x300.jpg 188w\" sizes=\"(max-width: 250px) 100vw, 250px\" \/><\/a> <a href=\"https:\/\/www.amazon.es\/dp\/B01M5LFTN4\/\" target=\"_blank\" rel=\"noopener\"><img decoding=\"async\" loading=\"lazy\" class=\"alignnone wp-image-478 size-full\" src=\"http:\/\/vicentetrigo.com\/wp-content\/uploads\/2025\/01\/adaymartin-250x399-2.jpg\" alt=\"\" width=\"250\" height=\"399\" \/><\/a>\u00a0<a href=\"https:\/\/www.amazon.es\/dp\/B09RWRM2KT\/\" target=\"_blank\" rel=\"noopener\"><img decoding=\"async\" loading=\"lazy\" class=\"alignnone wp-image-442 size-full\" src=\"http:\/\/vicentetrigo.com\/wp-content\/uploads\/2025\/01\/Odio-los-lunes-nueva-portada-ebook.jpg\" alt=\"\" width=\"250\" height=\"399\" srcset=\"http:\/\/vicentetrigo.com\/wp-content\/uploads\/2025\/01\/Odio-los-lunes-nueva-portada-ebook.jpg 250w, http:\/\/vicentetrigo.com\/wp-content\/uploads\/2025\/01\/Odio-los-lunes-nueva-portada-ebook-188x300.jpg 188w\" sizes=\"(max-width: 250px) 100vw, 250px\" \/><\/a><a href=\"https:\/\/www.amazon.es\/dp\/B01N08YR6W\/\" target=\"_blank\" rel=\"noopener\">\u00a0<\/a><a href=\"https:\/\/www.amazon.es\/dp\/B01N08YR6W\/\" target=\"_blank\" rel=\"noopener\"><img decoding=\"async\" loading=\"lazy\" class=\"alignnone wp-image-477 size-full\" src=\"http:\/\/vicentetrigo.com\/wp-content\/uploads\/2025\/01\/adaymartin-250x399-1.jpg\" alt=\"\" width=\"250\" height=\"399\" srcset=\"http:\/\/vicentetrigo.com\/wp-content\/uploads\/2025\/01\/adaymartin-250x399-1.jpg 250w, http:\/\/vicentetrigo.com\/wp-content\/uploads\/2025\/01\/adaymartin-250x399-1-188x300.jpg 188w\" sizes=\"(max-width: 250px) 100vw, 250px\" \/><\/a><\/p>\n","protected":false},"excerpt":{"rendered":"<p>Si te interesa alguno de estos ebooks, haz clic en su\u00a0portada e ir\u00e1s a Amazon, donde encontrar\u00e1s informaci\u00f3n sobre \u00e9l (y podr\u00e1s comprarlo&#8230; o leerlo gratuitamente con Kindle Unlimited). \u00a0 \u00a0\u00a0\u00a0\u00a0 \u00a0 \u00a0 \u00a0\u00a0 \u00a0\u00a0<\/p>\n","protected":false},"author":1,"featured_media":0,"parent":0,"menu_order":0,"comment_status":"closed","ping_status":"closed","template":"template-fullwidth.php","meta":[],"_links":{"self":[{"href":"http:\/\/vicentetrigo.com\/index.php?rest_route=\/wp\/v2\/pages\/27"}],"collection":[{"href":"http:\/\/vicentetrigo.com\/index.php?rest_route=\/wp\/v2\/pages"}],"about":[{"href":"http:\/\/vicentetrigo.com\/index.php?rest_route=\/wp\/v2\/types\/page"}],"author":[{"embeddable":true,"href":"http:\/\/vicentetrigo.com\/index.php?rest_route=\/wp\/v2\/users\/1"}],"replies":[{"embeddable":true,"href":"http:\/\/vicentetrigo.com\/index.php?rest_route=%2Fwp%2Fv2%2Fcomments&post=27"}],"version-history":[{"count":104,"href":"http:\/\/vicentetrigo.com\/index.php?rest_route=\/wp\/v2\/pages\/27\/revisions"}],"predecessor-version":[{"id":484,"href":"http:\/\/vicentetrigo.com\/index.php?rest_route=\/wp\/v2\/pages\/27\/revisions\/484"}],"wp:attachment":[{"href":"http:\/\/vicentetrigo.com\/index.php?rest_route=%2Fwp%2Fv2%2Fmedia&parent=27"}],"curies":[{"name":"wp","href":"https:\/\/api.w.org\/{rel}","templated":true}]}}