{"id":169,"date":"2017-01-01T14:04:55","date_gmt":"2017-01-01T14:04:55","guid":{"rendered":"http:\/\/vicentetrigo.com\/?page_id=169"},"modified":"2025-01-28T09:09:50","modified_gmt":"2025-01-28T09:09:50","slug":"tapa-blanda","status":"publish","type":"page","link":"https:\/\/vicentetrigo.com\/?page_id=169","title":{"rendered":"En papel"},"content":{"rendered":"<p style=\"text-align: center;\"><strong>Si te interesa alguno de estos libros, en papel y tapa dura, haz clic en su portada (es la original, sin actualizar) e ir\u00e1s a Amazon, donde encontrar\u00e1s informaci\u00f3n sobre \u00e9l (y podr\u00e1s comprarlo).<\/strong><\/p>\n<p><a href=\"https:\/\/www.amazon.es\/dp\/B0D91NWMZP\/\" target=\"_blank\" rel=\"noopener\"><img decoding=\"async\" loading=\"lazy\" class=\"alignnone wp-image-422 size-full\" src=\"http:\/\/vicentetrigo.com\/wp-content\/uploads\/2024\/07\/Tras-dejar-las-montanas-atras-portada-250-xx-399.jpg\" alt=\"\" width=\"250\" height=\"399\" srcset=\"https:\/\/vicentetrigo.com\/wp-content\/uploads\/2024\/07\/Tras-dejar-las-montanas-atras-portada-250-xx-399.jpg 250w, https:\/\/vicentetrigo.com\/wp-content\/uploads\/2024\/07\/Tras-dejar-las-montanas-atras-portada-250-xx-399-188x300.jpg 188w\" sizes=\"(max-width: 250px) 100vw, 250px\" \/><\/a><a href=\"https:\/\/www.amazon.es\/dp\/B0D4YC7C88\" target=\"_blank\" rel=\"noopener\"> <img decoding=\"async\" loading=\"lazy\" class=\"alignnone wp-image-388 size-full\" src=\"http:\/\/vicentetrigo.com\/wp-content\/uploads\/2024\/06\/ebook-portada-Seis-puertas-al-futuro.jpg\" alt=\"\" width=\"250\" height=\"399\" srcset=\"https:\/\/vicentetrigo.com\/wp-content\/uploads\/2024\/06\/ebook-portada-Seis-puertas-al-futuro.jpg 250w, https:\/\/vicentetrigo.com\/wp-content\/uploads\/2024\/06\/ebook-portada-Seis-puertas-al-futuro-188x300.jpg 188w\" sizes=\"(max-width: 250px) 100vw, 250px\" \/><\/a><a href=\"https:\/\/www.amazon.es\/Habitaci%C3%B3n-despu%C3%A9s-Vicente-Trigo-Aranda\/dp\/B0C9SK1N53\/\" target=\"_blank\" rel=\"noopener\"> <img decoding=\"async\" loading=\"lazy\" class=\"alignnone wp-image-360 size-full\" src=\"http:\/\/vicentetrigo.com\/wp-content\/uploads\/2023\/07\/hab512.jpg\" alt=\"\" width=\"250\" height=\"399\" srcset=\"https:\/\/vicentetrigo.com\/wp-content\/uploads\/2023\/07\/hab512.jpg 250w, https:\/\/vicentetrigo.com\/wp-content\/uploads\/2023\/07\/hab512-188x300.jpg 188w\" sizes=\"(max-width: 250px) 100vw, 250px\" \/><\/a><a href=\"https:\/\/www.amazon.es\/dp\/B0BHGB9VMC\/\" target=\"_blank\" rel=\"noopener\"> <img decoding=\"async\" loading=\"lazy\" class=\"alignnone wp-image-357 size-full\" src=\"http:\/\/vicentetrigo.com\/wp-content\/uploads\/2022\/10\/portada-tapa-blanda.jpg\" alt=\"\" width=\"250\" height=\"399\" srcset=\"https:\/\/vicentetrigo.com\/wp-content\/uploads\/2022\/10\/portada-tapa-blanda.jpg 250w, https:\/\/vicentetrigo.com\/wp-content\/uploads\/2022\/10\/portada-tapa-blanda-188x300.jpg 188w\" sizes=\"(max-width: 250px) 100vw, 250px\" \/><\/a><a href=\"https:\/\/www.amazon.es\/dp\/B0B7QG3F42\" target=\"_blank\" rel=\"noopener\">\u00a0<img decoding=\"async\" loading=\"lazy\" class=\"alignnone wp-image-344 size-full\" src=\"http:\/\/vicentetrigo.com\/wp-content\/uploads\/2022\/07\/siete-puertas-al-futuro-250.jpg\" alt=\"\" width=\"250\" height=\"399\" srcset=\"https:\/\/vicentetrigo.com\/wp-content\/uploads\/2022\/07\/siete-puertas-al-futuro-250.jpg 250w, https:\/\/vicentetrigo.com\/wp-content\/uploads\/2022\/07\/siete-puertas-al-futuro-250-188x300.jpg 188w\" sizes=\"(max-width: 250px) 100vw, 250px\" \/><\/a><a href=\"https:\/\/www.amazon.es\/dp\/B0B6XSD2MZ\/\" target=\"_blank\" rel=\"noopener\">\u00a0<img decoding=\"async\" loading=\"lazy\" class=\"alignnone wp-image-340 size-full\" src=\"http:\/\/vicentetrigo.com\/wp-content\/uploads\/2022\/07\/las-diez-y-cinco-250.jpg\" alt=\"\" width=\"250\" height=\"399\" srcset=\"https:\/\/vicentetrigo.com\/wp-content\/uploads\/2022\/07\/las-diez-y-cinco-250.jpg 250w, https:\/\/vicentetrigo.com\/wp-content\/uploads\/2022\/07\/las-diez-y-cinco-250-188x300.jpg 188w\" sizes=\"(max-width: 250px) 100vw, 250px\" \/><\/a><a href=\"https:\/\/www.amazon.es\/dp\/B09TMTLL2T\/\" target=\"_blank\" rel=\"noopener\">\u00a0<img decoding=\"async\" loading=\"lazy\" class=\"alignnone wp-image-348 size-full\" src=\"http:\/\/vicentetrigo.com\/wp-content\/uploads\/2022\/07\/portada-ebook-250.jpg\" alt=\"\" width=\"250\" height=\"399\" srcset=\"https:\/\/vicentetrigo.com\/wp-content\/uploads\/2022\/07\/portada-ebook-250.jpg 250w, https:\/\/vicentetrigo.com\/wp-content\/uploads\/2022\/07\/portada-ebook-250-188x300.jpg 188w\" sizes=\"(max-width: 250px) 100vw, 250px\" \/><\/a>\u00a0<a href=\"https:\/\/www.amazon.es\/dp\/B09TMWP412\/\" target=\"_blank\" rel=\"noopener\"><img decoding=\"async\" loading=\"lazy\" class=\"alignnone wp-image-310 size-full\" src=\"http:\/\/vicentetrigo.com\/wp-content\/uploads\/2017\/01\/portada-ebook.png\" alt=\"\" width=\"250\" height=\"399\" srcset=\"https:\/\/vicentetrigo.com\/wp-content\/uploads\/2017\/01\/portada-ebook.png 250w, https:\/\/vicentetrigo.com\/wp-content\/uploads\/2017\/01\/portada-ebook-188x300.png 188w\" sizes=\"(max-width: 250px) 100vw, 250px\" \/>\u00a0<\/a><a href=\"https:\/\/www.amazon.es\/dp\/B09S64MSTN\/\" target=\"_blank\" rel=\"noopener\"><img decoding=\"async\" loading=\"lazy\" class=\"wp-image-260 size-full alignnone\" src=\"http:\/\/vicentetrigo.com\/wp-content\/uploads\/2016\/09\/portada-ebook-7.jpg\" alt=\"\" width=\"250\" height=\"399\" srcset=\"https:\/\/vicentetrigo.com\/wp-content\/uploads\/2016\/09\/portada-ebook-7.jpg 250w, https:\/\/vicentetrigo.com\/wp-content\/uploads\/2016\/09\/portada-ebook-7-188x300.jpg 188w\" sizes=\"(max-width: 250px) 100vw, 250px\" \/><\/a>\u00a0<a href=\"https:\/\/www.amazon.es\/dp\/B09SV5B27H\/\" target=\"_blank\" rel=\"noopener\"><img decoding=\"async\" loading=\"lazy\" class=\"wp-image-254 size-full alignnone\" src=\"http:\/\/vicentetrigo.com\/wp-content\/uploads\/2016\/09\/portada-ebook-6.jpg\" alt=\"\" width=\"250\" height=\"399\" srcset=\"https:\/\/vicentetrigo.com\/wp-content\/uploads\/2016\/09\/portada-ebook-6.jpg 250w, https:\/\/vicentetrigo.com\/wp-content\/uploads\/2016\/09\/portada-ebook-6-188x300.jpg 188w\" sizes=\"(max-width: 250px) 100vw, 250px\" \/>\u00a0<\/a><a href=\"https:\/\/www.amazon.es\/dp\/B09TN1N4GP\/\" target=\"_blank\" rel=\"noopener\"><img decoding=\"async\" loading=\"lazy\" class=\"wp-image-268 size-full alignnone\" src=\"http:\/\/vicentetrigo.com\/wp-content\/uploads\/2016\/09\/portada-ebook-la-fuerza-especial-e1627308318622.jpg\" alt=\"\" width=\"250\" height=\"399\" \/>\u00a0<\/a><a href=\"https:\/\/www.amazon.es\/dp\/B09TMWJDWH\/\" target=\"_blank\" rel=\"noopener\"><img decoding=\"async\" loading=\"lazy\" class=\"wp-image-245 alignnone\" src=\"http:\/\/vicentetrigo.com\/wp-content\/uploads\/2016\/09\/portada-ebook-5.jpg\" alt=\"\" width=\"250\" height=\"399\" srcset=\"https:\/\/vicentetrigo.com\/wp-content\/uploads\/2016\/09\/portada-ebook-5.jpg 1410w, https:\/\/vicentetrigo.com\/wp-content\/uploads\/2016\/09\/portada-ebook-5-188x300.jpg 188w, https:\/\/vicentetrigo.com\/wp-content\/uploads\/2016\/09\/portada-ebook-5-768x1226.jpg 768w, https:\/\/vicentetrigo.com\/wp-content\/uploads\/2016\/09\/portada-ebook-5-642x1024.jpg 642w\" sizes=\"(max-width: 250px) 100vw, 250px\" \/>\u00a0<\/a><a href=\"https:\/\/www.amazon.es\/dp\/B09TMQ8P8H\/\" target=\"_blank\" rel=\"noopener\"><img decoding=\"async\" loading=\"lazy\" class=\"wp-image-237 alignnone\" src=\"http:\/\/vicentetrigo.com\/wp-content\/uploads\/2016\/09\/portada-ebook-4.jpg\" alt=\"\" width=\"250\" height=\"399\" srcset=\"https:\/\/vicentetrigo.com\/wp-content\/uploads\/2016\/09\/portada-ebook-4.jpg 1410w, https:\/\/vicentetrigo.com\/wp-content\/uploads\/2016\/09\/portada-ebook-4-188x300.jpg 188w, https:\/\/vicentetrigo.com\/wp-content\/uploads\/2016\/09\/portada-ebook-4-768x1226.jpg 768w, https:\/\/vicentetrigo.com\/wp-content\/uploads\/2016\/09\/portada-ebook-4-642x1024.jpg 642w\" sizes=\"(max-width: 250px) 100vw, 250px\" \/>\u00a0<\/a><a href=\"https:\/\/www.amazon.es\/dp\/B09TGM895T\/\" target=\"_blank\" rel=\"noopener\"><img decoding=\"async\" loading=\"lazy\" class=\"wp-image-228 alignnone\" src=\"http:\/\/vicentetrigo.com\/wp-content\/uploads\/2016\/09\/ebook-portada.jpg\" alt=\"\" width=\"250\" height=\"399\" srcset=\"https:\/\/vicentetrigo.com\/wp-content\/uploads\/2016\/09\/ebook-portada.jpg 1410w, https:\/\/vicentetrigo.com\/wp-content\/uploads\/2016\/09\/ebook-portada-188x300.jpg 188w, https:\/\/vicentetrigo.com\/wp-content\/uploads\/2016\/09\/ebook-portada-768x1226.jpg 768w, https:\/\/vicentetrigo.com\/wp-content\/uploads\/2016\/09\/ebook-portada-642x1024.jpg 642w\" sizes=\"(max-width: 250px) 100vw, 250px\" \/>\u00a0<\/a><a href=\"https:\/\/www.amazon.es\/dp\/B09SWLK7B2\/\" target=\"_blank\" rel=\"noopener\"><img decoding=\"async\" loading=\"lazy\" class=\"wp-image-295 size-full alignnone\" src=\"http:\/\/vicentetrigo.com\/wp-content\/uploads\/2016\/09\/portada-ebook-8.jpg\" alt=\"\" width=\"250\" height=\"399\" srcset=\"https:\/\/vicentetrigo.com\/wp-content\/uploads\/2016\/09\/portada-ebook-8.jpg 250w, https:\/\/vicentetrigo.com\/wp-content\/uploads\/2016\/09\/portada-ebook-8-188x300.jpg 188w\" sizes=\"(max-width: 250px) 100vw, 250px\" \/><\/a><a href=\"https:\/\/www.amazon.es\/dp\/B09QP1YC7Q\/\" target=\"_blank\" rel=\"noopener\">\u00a0<\/a><a href=\"https:\/\/www.amazon.es\/dp\/B09QP1Y9S3\/\" target=\"_blank\" rel=\"noopener\"><img decoding=\"async\" loading=\"lazy\" class=\"wp-image-209 alignnone\" src=\"http:\/\/vicentetrigo.com\/wp-content\/uploads\/2016\/09\/portada-ebook-1.jpg\" alt=\"\" width=\"250\" height=\"399\" srcset=\"https:\/\/vicentetrigo.com\/wp-content\/uploads\/2016\/09\/portada-ebook-1.jpg 1410w, https:\/\/vicentetrigo.com\/wp-content\/uploads\/2016\/09\/portada-ebook-1-188x300.jpg 188w, https:\/\/vicentetrigo.com\/wp-content\/uploads\/2016\/09\/portada-ebook-1-768x1226.jpg 768w, https:\/\/vicentetrigo.com\/wp-content\/uploads\/2016\/09\/portada-ebook-1-642x1024.jpg 642w\" sizes=\"(max-width: 250px) 100vw, 250px\" \/><\/a>\u00a0<a href=\"https:\/\/www.amazon.es\/dp\/B09S232W58\/\" target=\"_blank\" rel=\"noopener\"><img decoding=\"async\" loading=\"lazy\" class=\"wp-image-285 size-full alignnone\" src=\"http:\/\/vicentetrigo.com\/wp-content\/uploads\/2022\/03\/portada-No-creo-en-extraterrestres.jpg\" alt=\"\" width=\"250\" height=\"399\" srcset=\"https:\/\/vicentetrigo.com\/wp-content\/uploads\/2022\/03\/portada-No-creo-en-extraterrestres.jpg 250w, https:\/\/vicentetrigo.com\/wp-content\/uploads\/2022\/03\/portada-No-creo-en-extraterrestres-188x300.jpg 188w\" sizes=\"(max-width: 250px) 100vw, 250px\" \/><\/a>\u00a0<a href=\"https:\/\/www.amazon.es\/dp\/B09S26PNK9\/\" target=\"_blank\" rel=\"noopener\"><img decoding=\"async\" loading=\"lazy\" class=\"wp-image-284 size-full alignnone\" src=\"http:\/\/vicentetrigo.com\/wp-content\/uploads\/2022\/03\/portada-No-creo-en-coincidencias.jpg\" alt=\"\" width=\"250\" height=\"399\" srcset=\"https:\/\/vicentetrigo.com\/wp-content\/uploads\/2022\/03\/portada-No-creo-en-coincidencias.jpg 250w, https:\/\/vicentetrigo.com\/wp-content\/uploads\/2022\/03\/portada-No-creo-en-coincidencias-188x300.jpg 188w\" sizes=\"(max-width: 250px) 100vw, 250px\" \/>\u00a0<\/a><a href=\"https:\/\/www.amazon.es\/Habitaci%C3%B3n-512-Vicente-Trigo-Aranda\/dp\/B09PMHXZTC\/\" target=\"_blank\" rel=\"noopener\"><img decoding=\"async\" loading=\"lazy\" class=\"wp-image-178 alignnone\" src=\"http:\/\/vicentetrigo.com\/wp-content\/uploads\/2016\/09\/portada-ebook.jpg\" alt=\"portada-ebook\" width=\"250\" height=\"399\" srcset=\"https:\/\/vicentetrigo.com\/wp-content\/uploads\/2016\/09\/portada-ebook.jpg 1410w, https:\/\/vicentetrigo.com\/wp-content\/uploads\/2016\/09\/portada-ebook-188x300.jpg 188w, https:\/\/vicentetrigo.com\/wp-content\/uploads\/2016\/09\/portada-ebook-768x1226.jpg 768w, https:\/\/vicentetrigo.com\/wp-content\/uploads\/2016\/09\/portada-ebook-642x1024.jpg 642w\" sizes=\"(max-width: 250px) 100vw, 250px\" \/>\u00a0<\/a><a href=\"https:\/\/www.amazon.es\/dp\/B09PMFV9DD\" target=\"_blank\" rel=\"noopener\"><img decoding=\"async\" loading=\"lazy\" class=\"wp-image-165 alignnone\" src=\"http:\/\/vicentetrigo.com\/wp-content\/uploads\/2016\/09\/portada-4.jpg\" alt=\"portada\" width=\"250\" height=\"399\" srcset=\"https:\/\/vicentetrigo.com\/wp-content\/uploads\/2016\/09\/portada-4.jpg 401w, https:\/\/vicentetrigo.com\/wp-content\/uploads\/2016\/09\/portada-4-188x300.jpg 188w\" sizes=\"(max-width: 250px) 100vw, 250px\" \/>\u00a0<\/a><a href=\"https:\/\/www.amazon.es\/%C2%BFPor-qu%C3%A9-los-%C3%A1rboles-altos\/dp\/B09P1VTC51\" target=\"_blank\" rel=\"noopener\"><img decoding=\"async\" loading=\"lazy\" class=\"wp-image-149 alignnone\" src=\"http:\/\/vicentetrigo.com\/wp-content\/uploads\/2016\/09\/portada-2.jpg\" alt=\"portada por que los arboles\" width=\"250\" height=\"399\" srcset=\"https:\/\/vicentetrigo.com\/wp-content\/uploads\/2016\/09\/portada-2.jpg 1410w, https:\/\/vicentetrigo.com\/wp-content\/uploads\/2016\/09\/portada-2-188x300.jpg 188w, https:\/\/vicentetrigo.com\/wp-content\/uploads\/2016\/09\/portada-2-768x1226.jpg 768w, https:\/\/vicentetrigo.com\/wp-content\/uploads\/2016\/09\/portada-2-642x1024.jpg 642w\" sizes=\"(max-width: 250px) 100vw, 250px\" \/><\/a><a href=\"https:\/\/www.amazon.es\/dp\/B09PW3TLVJ\/\" target=\"_blank\" rel=\"noopener\">\u00a0<\/a><a href=\"https:\/\/www.amazon.es\/Roses-guns-relatos-novela-corta\/dp\/B09QP2GVKD\/\" target=\"_blank\" rel=\"noopener\"><img decoding=\"async\" loading=\"lazy\" class=\"wp-image-286 size-full alignnone\" src=\"http:\/\/vicentetrigo.com\/wp-content\/uploads\/2022\/03\/Portada-Roses-and-guns-Original.jpg\" alt=\"\" width=\"250\" height=\"399\" srcset=\"https:\/\/vicentetrigo.com\/wp-content\/uploads\/2022\/03\/Portada-Roses-and-guns-Original.jpg 250w, https:\/\/vicentetrigo.com\/wp-content\/uploads\/2022\/03\/Portada-Roses-and-guns-Original-188x300.jpg 188w\" sizes=\"(max-width: 250px) 100vw, 250px\" \/>\u00a0<\/a><a href=\"https:\/\/www.amazon.es\/dp\/B09RWKG1J5\/\" target=\"_blank\" rel=\"noopener\"><img decoding=\"async\" loading=\"lazy\" class=\"wp-image-287 size-full alignnone\" src=\"http:\/\/vicentetrigo.com\/wp-content\/uploads\/2022\/03\/portada.jpg\" alt=\"\" width=\"250\" height=\"399\" srcset=\"https:\/\/vicentetrigo.com\/wp-content\/uploads\/2022\/03\/portada.jpg 250w, https:\/\/vicentetrigo.com\/wp-content\/uploads\/2022\/03\/portada-188x300.jpg 188w\" sizes=\"(max-width: 250px) 100vw, 250px\" \/>\u00a0<\/a><a href=\"https:\/\/www.amazon.es\/dp\/B09RLY9LT5\/\" target=\"_blank\" rel=\"noopener\"><img decoding=\"async\" loading=\"lazy\" class=\"wp-image-292 size-full alignnone\" src=\"http:\/\/vicentetrigo.com\/wp-content\/uploads\/2016\/09\/portada-5.jpg\" alt=\"\" width=\"250\" height=\"399\" srcset=\"https:\/\/vicentetrigo.com\/wp-content\/uploads\/2016\/09\/portada-5.jpg 250w, https:\/\/vicentetrigo.com\/wp-content\/uploads\/2016\/09\/portada-5-188x300.jpg 188w\" sizes=\"(max-width: 250px) 100vw, 250px\" \/>\u00a0<\/a><a href=\"https:\/\/www.amazon.es\/dp\/B09SV2C3HZ\/\" target=\"_blank\" rel=\"noopener\"><img decoding=\"async\" loading=\"lazy\" class=\"wp-image-301 size-full alignnone\" src=\"http:\/\/vicentetrigo.com\/wp-content\/uploads\/2017\/01\/AdayMartin3.jpg\" alt=\"\" width=\"250\" height=\"399\" srcset=\"https:\/\/vicentetrigo.com\/wp-content\/uploads\/2017\/01\/AdayMartin3.jpg 250w, https:\/\/vicentetrigo.com\/wp-content\/uploads\/2017\/01\/AdayMartin3-188x300.jpg 188w\" sizes=\"(max-width: 250px) 100vw, 250px\" \/>\u00a0<\/a><a href=\"https:\/\/www.amazon.es\/Jugar-fuego-Vicente-Trigo-Aranda\/dp\/B09SP9PGHX\/\" target=\"_blank\" rel=\"noopener\"><img decoding=\"async\" loading=\"lazy\" class=\"wp-image-300 size-full alignnone\" src=\"http:\/\/vicentetrigo.com\/wp-content\/uploads\/2017\/01\/AdayMartin2.jpg\" alt=\"\" width=\"250\" height=\"399\" srcset=\"https:\/\/vicentetrigo.com\/wp-content\/uploads\/2017\/01\/AdayMartin2.jpg 250w, https:\/\/vicentetrigo.com\/wp-content\/uploads\/2017\/01\/AdayMartin2-188x300.jpg 188w\" sizes=\"(max-width: 250px) 100vw, 250px\" \/><\/a><a href=\"https:\/\/www.amazon.es\/dp\/B09SNNZYZW\/\" target=\"_blank\" rel=\"noopener\">\u00a0<img decoding=\"async\" loading=\"lazy\" class=\"wp-image-299 size-full alignnone\" src=\"http:\/\/vicentetrigo.com\/wp-content\/uploads\/2017\/01\/AdayMartin1.jpg\" alt=\"\" width=\"250\" height=\"399\" srcset=\"https:\/\/vicentetrigo.com\/wp-content\/uploads\/2017\/01\/AdayMartin1.jpg 250w, https:\/\/vicentetrigo.com\/wp-content\/uploads\/2017\/01\/AdayMartin1-188x300.jpg 188w\" sizes=\"(max-width: 250px) 100vw, 250px\" \/>\u00a0<\/a><\/p>\n<p style=\"text-align: center;\">\n","protected":false},"excerpt":{"rendered":"<p>Si te interesa alguno de estos libros, en papel y tapa dura, haz clic en su portada (es la original, sin actualizar) e ir\u00e1s a Amazon, donde encontrar\u00e1s informaci\u00f3n sobre \u00e9l (y podr\u00e1s comprarlo). \u00a0\u00a0\u00a0\u00a0\u00a0\u00a0\u00a0\u00a0\u00a0\u00a0\u00a0\u00a0\u00a0\u00a0\u00a0\u00a0\u00a0\u00a0\u00a0\u00a0\u00a0\u00a0\u00a0\u00a0<\/p>\n","protected":false},"author":1,"featured_media":0,"parent":0,"menu_order":0,"comment_status":"closed","ping_status":"closed","template":"template-fullwidth.php","meta":[],"_links":{"self":[{"href":"https:\/\/vicentetrigo.com\/index.php?rest_route=\/wp\/v2\/pages\/169"}],"collection":[{"href":"https:\/\/vicentetrigo.com\/index.php?rest_route=\/wp\/v2\/pages"}],"about":[{"href":"https:\/\/vicentetrigo.com\/index.php?rest_route=\/wp\/v2\/types\/page"}],"author":[{"embeddable":true,"href":"https:\/\/vicentetrigo.com\/index.php?rest_route=\/wp\/v2\/users\/1"}],"replies":[{"embeddable":true,"href":"https:\/\/vicentetrigo.com\/index.php?rest_route=%2Fwp%2Fv2%2Fcomments&post=169"}],"version-history":[{"count":44,"href":"https:\/\/vicentetrigo.com\/index.php?rest_route=\/wp\/v2\/pages\/169\/revisions"}],"predecessor-version":[{"id":476,"href":"https:\/\/vicentetrigo.com\/index.php?rest_route=\/wp\/v2\/pages\/169\/revisions\/476"}],"wp:attachment":[{"href":"https:\/\/vicentetrigo.com\/index.php?rest_route=%2Fwp%2Fv2%2Fmedia&parent=169"}],"curies":[{"name":"wp","href":"https:\/\/api.w.org\/{rel}","templated":true}]}}