{"id":6,"date":"2016-09-14T17:58:58","date_gmt":"2016-09-14T17:58:58","guid":{"rendered":"http:\/\/vicentetrigo.com\/?page_id=6"},"modified":"2025-12-29T10:58:45","modified_gmt":"2025-12-29T10:58:45","slug":"about-me","status":"publish","type":"page","link":"https:\/\/vicentetrigo.com\/?page_id=6","title":{"rendered":"Sobre m\u00ed"},"content":{"rendered":"<p style=\"text-align: center;\"><strong>Nac\u00ed en Zaragoza en 1955<\/strong><\/p>\n<p style=\"text-align: center;\"><a href=\"http:\/\/vicentetrigo.com\/wp-content\/uploads\/2016\/09\/bebe-1.jpg\" target=\"_blank\" rel=\"noopener\"><img decoding=\"async\" loading=\"lazy\" class=\"aligncenter wp-image-9 size-medium\" src=\"http:\/\/vicentetrigo.com\/wp-content\/uploads\/2016\/09\/bebe-1-223x300.jpg\" alt=\"bebe\" width=\"223\" height=\"300\" srcset=\"https:\/\/vicentetrigo.com\/wp-content\/uploads\/2016\/09\/bebe-1-223x300.jpg 223w, https:\/\/vicentetrigo.com\/wp-content\/uploads\/2016\/09\/bebe-1-768x1033.jpg 768w, https:\/\/vicentetrigo.com\/wp-content\/uploads\/2016\/09\/bebe-1-761x1024.jpg 761w, https:\/\/vicentetrigo.com\/wp-content\/uploads\/2016\/09\/bebe-1.jpg 860w\" sizes=\"(max-width: 223px) 100vw, 223px\" \/><\/a><a href=\"http:\/\/vicentetrigo.com\/wp-content\/uploads\/2016\/09\/cooltext206480981301199.png\"><img decoding=\"async\" loading=\"lazy\" class=\"aligncenter wp-image-141\" src=\"http:\/\/vicentetrigo.com\/wp-content\/uploads\/2016\/09\/cooltext206480981301199.png\" alt=\"cooltext206480981301199\" width=\"237\" height=\"37\" srcset=\"https:\/\/vicentetrigo.com\/wp-content\/uploads\/2016\/09\/cooltext206480981301199.png 810w, https:\/\/vicentetrigo.com\/wp-content\/uploads\/2016\/09\/cooltext206480981301199-300x47.png 300w, https:\/\/vicentetrigo.com\/wp-content\/uploads\/2016\/09\/cooltext206480981301199-768x120.png 768w\" sizes=\"(max-width: 237px) 100vw, 237px\" \/><\/a><\/p>\n<p style=\"text-align: center;\"><strong>Fui profesor del IES \u00abF\u00e9lix de Azara\u00bb desde 1982 hasta 2015<\/strong><\/p>\n<div id=\"attachment_14\" style=\"width: 310px\" class=\"wp-caption aligncenter\"><a href=\"http:\/\/vicentetrigo.com\/wp-content\/uploads\/2016\/09\/claustro82.jpg\" target=\"_blank\" rel=\"noopener\"><img aria-describedby=\"caption-attachment-14\" decoding=\"async\" loading=\"lazy\" class=\"wp-image-14 size-medium\" src=\"http:\/\/vicentetrigo.com\/wp-content\/uploads\/2016\/09\/claustro82-300x208.jpg\" alt=\"1982\" width=\"300\" height=\"208\" srcset=\"https:\/\/vicentetrigo.com\/wp-content\/uploads\/2016\/09\/claustro82-300x208.jpg 300w, https:\/\/vicentetrigo.com\/wp-content\/uploads\/2016\/09\/claustro82-768x532.jpg 768w, https:\/\/vicentetrigo.com\/wp-content\/uploads\/2016\/09\/claustro82-1024x710.jpg 1024w, https:\/\/vicentetrigo.com\/wp-content\/uploads\/2016\/09\/claustro82.jpg 1501w\" sizes=\"(max-width: 300px) 100vw, 300px\" \/><\/a><p id=\"caption-attachment-14\" class=\"wp-caption-text\">1982<\/p><\/div>\n<div id=\"attachment_12\" style=\"width: 310px\" class=\"wp-caption aligncenter\"><a href=\"http:\/\/vicentetrigo.com\/wp-content\/uploads\/2016\/09\/claustro04.jpg\" target=\"_blank\" rel=\"noopener\"><img aria-describedby=\"caption-attachment-12\" decoding=\"async\" loading=\"lazy\" class=\"wp-image-12 size-medium\" src=\"http:\/\/vicentetrigo.com\/wp-content\/uploads\/2016\/09\/claustro04-300x205.jpg\" alt=\"claustro04\" width=\"300\" height=\"205\" srcset=\"https:\/\/vicentetrigo.com\/wp-content\/uploads\/2016\/09\/claustro04-300x205.jpg 300w, https:\/\/vicentetrigo.com\/wp-content\/uploads\/2016\/09\/claustro04-768x524.jpg 768w, https:\/\/vicentetrigo.com\/wp-content\/uploads\/2016\/09\/claustro04-1024x699.jpg 1024w\" sizes=\"(max-width: 300px) 100vw, 300px\" \/><\/a><p id=\"caption-attachment-12\" class=\"wp-caption-text\">2004<\/p><\/div>\n<div id=\"attachment_13\" style=\"width: 310px\" class=\"wp-caption aligncenter\"><a href=\"http:\/\/vicentetrigo.com\/wp-content\/uploads\/2016\/09\/claustro05.jpg\" target=\"_blank\" rel=\"noopener\"><img aria-describedby=\"caption-attachment-13\" decoding=\"async\" loading=\"lazy\" class=\"wp-image-13 size-medium\" src=\"http:\/\/vicentetrigo.com\/wp-content\/uploads\/2016\/09\/claustro05-300x206.jpg\" width=\"300\" height=\"206\" srcset=\"https:\/\/vicentetrigo.com\/wp-content\/uploads\/2016\/09\/claustro05-300x206.jpg 300w, https:\/\/vicentetrigo.com\/wp-content\/uploads\/2016\/09\/claustro05-768x527.jpg 768w, https:\/\/vicentetrigo.com\/wp-content\/uploads\/2016\/09\/claustro05-1024x703.jpg 1024w\" sizes=\"(max-width: 300px) 100vw, 300px\" \/><\/a><p id=\"caption-attachment-13\" class=\"wp-caption-text\">2005<\/p><\/div>\n<div id=\"attachment_18\" style=\"width: 310px\" class=\"wp-caption aligncenter\"><a href=\"http:\/\/vicentetrigo.com\/wp-content\/uploads\/2016\/09\/rally2002.jpg\" target=\"_blank\" rel=\"noopener\"><img aria-describedby=\"caption-attachment-18\" decoding=\"async\" loading=\"lazy\" class=\"wp-image-18 size-medium\" src=\"http:\/\/vicentetrigo.com\/wp-content\/uploads\/2016\/09\/rally2002-300x225.jpg\" alt=\"Ganadoras del Rally Matem\u00e1tico 2002\" width=\"300\" height=\"225\" srcset=\"https:\/\/vicentetrigo.com\/wp-content\/uploads\/2016\/09\/rally2002-300x225.jpg 300w, https:\/\/vicentetrigo.com\/wp-content\/uploads\/2016\/09\/rally2002-768x576.jpg 768w, https:\/\/vicentetrigo.com\/wp-content\/uploads\/2016\/09\/rally2002-1024x768.jpg 1024w, https:\/\/vicentetrigo.com\/wp-content\/uploads\/2016\/09\/rally2002-285x214.jpg 285w, https:\/\/vicentetrigo.com\/wp-content\/uploads\/2016\/09\/rally2002.jpg 1280w\" sizes=\"(max-width: 300px) 100vw, 300px\" \/><\/a><p id=\"caption-attachment-18\" class=\"wp-caption-text\">Ganadoras del Rally Matem\u00e1tico 2002<\/p><\/div>\n<div id=\"attachment_19\" style=\"width: 310px\" class=\"wp-caption aligncenter\"><a href=\"http:\/\/vicentetrigo.com\/wp-content\/uploads\/2016\/09\/viajeest2004.jpg\" target=\"_blank\" rel=\"noopener\"><img aria-describedby=\"caption-attachment-19\" decoding=\"async\" loading=\"lazy\" class=\"wp-image-19 size-medium\" src=\"http:\/\/vicentetrigo.com\/wp-content\/uploads\/2016\/09\/viajeest2004-300x225.jpg\" alt=\"Viaje de estudios 2004\" width=\"300\" height=\"225\" srcset=\"https:\/\/vicentetrigo.com\/wp-content\/uploads\/2016\/09\/viajeest2004-300x225.jpg 300w, https:\/\/vicentetrigo.com\/wp-content\/uploads\/2016\/09\/viajeest2004-768x576.jpg 768w, https:\/\/vicentetrigo.com\/wp-content\/uploads\/2016\/09\/viajeest2004-1024x768.jpg 1024w, https:\/\/vicentetrigo.com\/wp-content\/uploads\/2016\/09\/viajeest2004-285x214.jpg 285w, https:\/\/vicentetrigo.com\/wp-content\/uploads\/2016\/09\/viajeest2004.jpg 1280w\" sizes=\"(max-width: 300px) 100vw, 300px\" \/><\/a><p id=\"caption-attachment-19\" class=\"wp-caption-text\">Viaje de estudios 2004<\/p><\/div>\n<div id=\"attachment_17\" style=\"width: 310px\" class=\"wp-caption aligncenter\"><a href=\"http:\/\/vicentetrigo.com\/wp-content\/uploads\/2016\/09\/ellas.jpg\" target=\"_blank\" rel=\"noopener\"><img aria-describedby=\"caption-attachment-17\" decoding=\"async\" loading=\"lazy\" class=\"wp-image-17 size-medium\" src=\"http:\/\/vicentetrigo.com\/wp-content\/uploads\/2016\/09\/ellas-300x225.jpg\" alt=\"Con Piedad, Elena y Sara\" width=\"300\" height=\"225\" srcset=\"https:\/\/vicentetrigo.com\/wp-content\/uploads\/2016\/09\/ellas-300x225.jpg 300w, https:\/\/vicentetrigo.com\/wp-content\/uploads\/2016\/09\/ellas-768x576.jpg 768w, https:\/\/vicentetrigo.com\/wp-content\/uploads\/2016\/09\/ellas-1024x768.jpg 1024w, https:\/\/vicentetrigo.com\/wp-content\/uploads\/2016\/09\/ellas-285x214.jpg 285w, https:\/\/vicentetrigo.com\/wp-content\/uploads\/2016\/09\/ellas.jpg 1600w\" sizes=\"(max-width: 300px) 100vw, 300px\" \/><\/a><p id=\"caption-attachment-17\" class=\"wp-caption-text\">Con Piedad, Elena y Sara<\/p><\/div>\n<div id=\"attachment_20\" style=\"width: 310px\" class=\"wp-caption aligncenter\"><a href=\"http:\/\/vicentetrigo.com\/wp-content\/uploads\/2016\/09\/IMG_4997.jpg\" target=\"_blank\" rel=\"noopener\"><img aria-describedby=\"caption-attachment-20\" decoding=\"async\" loading=\"lazy\" class=\"wp-image-20 size-medium\" src=\"http:\/\/vicentetrigo.com\/wp-content\/uploads\/2016\/09\/IMG_4997-300x169.jpg\" alt=\"\u00a1C\u00f3mo pasan los a\u00f1os!\" width=\"300\" height=\"169\" srcset=\"https:\/\/vicentetrigo.com\/wp-content\/uploads\/2016\/09\/IMG_4997-300x169.jpg 300w, https:\/\/vicentetrigo.com\/wp-content\/uploads\/2016\/09\/IMG_4997-768x432.jpg 768w, https:\/\/vicentetrigo.com\/wp-content\/uploads\/2016\/09\/IMG_4997-1024x575.jpg 1024w\" sizes=\"(max-width: 300px) 100vw, 300px\" \/><\/a><p id=\"caption-attachment-20\" class=\"wp-caption-text\">\u00a1C\u00f3mo pasan los a\u00f1os!<\/p><\/div>\n<p style=\"text-align: center;\"><strong>Siempre que he podido, he intentado divulgar la ciencia<\/strong><\/p>\n<div id=\"attachment_22\" style=\"width: 310px\" class=\"wp-caption aligncenter\"><a href=\"http:\/\/vicentetrigo.com\/wp-content\/uploads\/2016\/09\/tercermilenio.jpg\" target=\"_blank\" rel=\"noopener\"><img aria-describedby=\"caption-attachment-22\" decoding=\"async\" loading=\"lazy\" class=\"wp-image-22 size-medium\" src=\"http:\/\/vicentetrigo.com\/wp-content\/uploads\/2016\/09\/tercermilenio-300x194.jpg\" alt=\"Tercer Milenio (Heraldo de Arag\u00f3n)\" width=\"300\" height=\"194\" srcset=\"https:\/\/vicentetrigo.com\/wp-content\/uploads\/2016\/09\/tercermilenio-300x194.jpg 300w, https:\/\/vicentetrigo.com\/wp-content\/uploads\/2016\/09\/tercermilenio-768x498.jpg 768w, https:\/\/vicentetrigo.com\/wp-content\/uploads\/2016\/09\/tercermilenio-1024x664.jpg 1024w\" sizes=\"(max-width: 300px) 100vw, 300px\" \/><\/a><p id=\"caption-attachment-22\" class=\"wp-caption-text\">Tercer Milenio (Heraldo de Arag\u00f3n)<\/p><\/div>\n<div id=\"attachment_23\" style=\"width: 301px\" class=\"wp-caption aligncenter\"><a href=\"http:\/\/vicentetrigo.com\/wp-content\/uploads\/2016\/09\/estudiante.jpg\" target=\"_blank\" rel=\"noopener\"><img aria-describedby=\"caption-attachment-23\" decoding=\"async\" loading=\"lazy\" class=\"wp-image-23 size-medium\" src=\"http:\/\/vicentetrigo.com\/wp-content\/uploads\/2016\/09\/estudiante-291x300.jpg\" alt=\"El Peri\u00f3dico del Estudiante (El Peri\u00f3dico de Arag\u00f3n)\" width=\"291\" height=\"300\" srcset=\"https:\/\/vicentetrigo.com\/wp-content\/uploads\/2016\/09\/estudiante-291x300.jpg 291w, https:\/\/vicentetrigo.com\/wp-content\/uploads\/2016\/09\/estudiante-768x790.jpg 768w, https:\/\/vicentetrigo.com\/wp-content\/uploads\/2016\/09\/estudiante-995x1024.jpg 995w, https:\/\/vicentetrigo.com\/wp-content\/uploads\/2016\/09\/estudiante.jpg 1200w\" sizes=\"(max-width: 291px) 100vw, 291px\" \/><\/a><p id=\"caption-attachment-23\" class=\"wp-caption-text\">El Peri\u00f3dico del Estudiante (El Peri\u00f3dico de Arag\u00f3n)<\/p><\/div>\n<div id=\"attachment_25\" style=\"width: 310px\" class=\"wp-caption aligncenter\"><a href=\"http:\/\/vicentetrigo.com\/wp-content\/uploads\/2016\/09\/iicongreso-valencia-117.jpg\" target=\"_blank\" rel=\"noopener\"><img aria-describedby=\"caption-attachment-25\" decoding=\"async\" loading=\"lazy\" class=\"wp-image-25 size-medium\" src=\"http:\/\/vicentetrigo.com\/wp-content\/uploads\/2016\/09\/iicongreso-valencia-117-300x225.jpg\" width=\"300\" height=\"225\" srcset=\"https:\/\/vicentetrigo.com\/wp-content\/uploads\/2016\/09\/iicongreso-valencia-117-300x225.jpg 300w, https:\/\/vicentetrigo.com\/wp-content\/uploads\/2016\/09\/iicongreso-valencia-117-768x576.jpg 768w, https:\/\/vicentetrigo.com\/wp-content\/uploads\/2016\/09\/iicongreso-valencia-117-1024x768.jpg 1024w, https:\/\/vicentetrigo.com\/wp-content\/uploads\/2016\/09\/iicongreso-valencia-117-285x214.jpg 285w, https:\/\/vicentetrigo.com\/wp-content\/uploads\/2016\/09\/iicongreso-valencia-117.jpg 1280w\" sizes=\"(max-width: 300px) 100vw, 300px\" \/><\/a><p id=\"caption-attachment-25\" class=\"wp-caption-text\">ACTA (Valencia 2003)<\/p><\/div>\n<p style=\"text-align: center;\"><strong>Entrevista 10-XII-2025<\/strong><\/p>\n<p style=\"text-align: center;\">Coautor\u00eda y autopublicaci\u00f3n, por un autor de best-sellers<\/p>\n<p style=\"text-align: center;\"><a href=\"https:\/\/www.youtube.com\/watch?v=bJi85tubHGM\" target=\"_blank\" rel=\"noopener\">https:\/\/www.youtube.com\/watch?v=bJi85tubHGM<\/a><\/p>\n","protected":false},"excerpt":{"rendered":"<p>Nac\u00ed en Zaragoza en 1955 Fui profesor del IES \u00abF\u00e9lix de Azara\u00bb desde 1982 hasta 2015 Siempre que he podido, he intentado divulgar la ciencia Entrevista 10-XII-2025 Coautor\u00eda y autopublicaci\u00f3n, por un autor de best-sellers https:\/\/www.youtube.com\/watch?v=bJi85tubHGM<\/p>\n","protected":false},"author":1,"featured_media":0,"parent":0,"menu_order":0,"comment_status":"closed","ping_status":"closed","template":"template-fullwidth.php","meta":[],"_links":{"self":[{"href":"https:\/\/vicentetrigo.com\/index.php?rest_route=\/wp\/v2\/pages\/6"}],"collection":[{"href":"https:\/\/vicentetrigo.com\/index.php?rest_route=\/wp\/v2\/pages"}],"about":[{"href":"https:\/\/vicentetrigo.com\/index.php?rest_route=\/wp\/v2\/types\/page"}],"author":[{"embeddable":true,"href":"https:\/\/vicentetrigo.com\/index.php?rest_route=\/wp\/v2\/users\/1"}],"replies":[{"embeddable":true,"href":"https:\/\/vicentetrigo.com\/index.php?rest_route=%2Fwp%2Fv2%2Fcomments&post=6"}],"version-history":[{"count":13,"href":"https:\/\/vicentetrigo.com\/index.php?rest_route=\/wp\/v2\/pages\/6\/revisions"}],"predecessor-version":[{"id":490,"href":"https:\/\/vicentetrigo.com\/index.php?rest_route=\/wp\/v2\/pages\/6\/revisions\/490"}],"wp:attachment":[{"href":"https:\/\/vicentetrigo.com\/index.php?rest_route=%2Fwp%2Fv2%2Fmedia&parent=6"}],"curies":[{"name":"wp","href":"https:\/\/api.w.org\/{rel}","templated":true}]}}